{"id":913,"date":"2020-07-21T09:13:42","date_gmt":"2020-07-21T09:13:42","guid":{"rendered":"http:\/\/95.216.184.226\/tokumaru\/?page_id=913"},"modified":"2020-07-21T09:14:33","modified_gmt":"2020-07-21T09:14:33","slug":"tagastustingimused","status":"publish","type":"page","link":"https:\/\/tokumarudelivery.ee\/tartu\/tagastustingimused\/","title":{"rendered":"Tagastustingimused"},"content":{"rendered":"\n<h2>T<strong>agastustingimused<\/strong><\/h2>\n\n\n\n<p>Tulenevalt toodete iseloomust ei ole v\u00f5imalik tellitud tooteid tagastada.<\/p>\n\n\n\n<p>Klient on kohustatud tellimuse vastuv\u00f5tmisel koheselt tooted \u00fcle vaatama. Tellimuse puuduste ilmnemisel v\u00f5i kauba kvaliteediprobleemide korral tuleb koheselt v\u00f5tta \u00fchendust klienditoega taasesitatavas vormis (e-mail&nbsp;<strong>info@tokumaru.ee<\/strong>), kirjeldades v\u00f5imalikult t\u00e4pselt esinenud probleemi ning lisades vajadusel n\u00e4itlikustavad pildid.<\/p>\n\n\n\n<p>K\u00f5ik kliendikaebused lahendatakse koost\u00f6\u00f6s kliendiga personaalselt.<\/p>\n","protected":false},"excerpt":{"rendered":"<p>Tagastustingimused Tulenevalt toodete iseloomust ei ole v\u00f5imalik tellitud tooteid tagastada. Klient on kohustatud tellimuse vastuv\u00f5tmisel koheselt tooted \u00fcle vaatama. Tellimuse puuduste ilmnemisel v\u00f5i kauba kvaliteediprobleemide korral tuleb koheselt v\u00f5tta \u00fchendust klienditoega taasesitatavas vormis (e-mail&nbsp;info@tokumaru.ee), kirjeldades v\u00f5imalikult t\u00e4pselt esinenud probleemi ning lisades vajadusel n\u00e4itlikustavad pildid. K\u00f5ik kliendikaebused lahendatakse koost\u00f6\u00f6s kliendiga personaalselt.<\/p>\n","protected":false},"author":1,"featured_media":0,"parent":0,"menu_order":0,"comment_status":"closed","ping_status":"closed","template":"","meta":[],"_links":{"self":[{"href":"https:\/\/tokumarudelivery.ee\/tartu\/wp-json\/wp\/v2\/pages\/913"}],"collection":[{"href":"https:\/\/tokumarudelivery.ee\/tartu\/wp-json\/wp\/v2\/pages"}],"about":[{"href":"https:\/\/tokumarudelivery.ee\/tartu\/wp-json\/wp\/v2\/types\/page"}],"author":[{"embeddable":true,"href":"https:\/\/tokumarudelivery.ee\/tartu\/wp-json\/wp\/v2\/users\/1"}],"replies":[{"embeddable":true,"href":"https:\/\/tokumarudelivery.ee\/tartu\/wp-json\/wp\/v2\/comments?post=913"}],"version-history":[{"count":4,"href":"https:\/\/tokumarudelivery.ee\/tartu\/wp-json\/wp\/v2\/pages\/913\/revisions"}],"predecessor-version":[{"id":917,"href":"https:\/\/tokumarudelivery.ee\/tartu\/wp-json\/wp\/v2\/pages\/913\/revisions\/917"}],"wp:attachment":[{"href":"https:\/\/tokumarudelivery.ee\/tartu\/wp-json\/wp\/v2\/media?parent=913"}],"curies":[{"name":"wp","href":"https:\/\/api.w.org\/{rel}","templated":true}]}}