{"id":3,"date":"2020-06-02T08:41:55","date_gmt":"2020-06-02T08:41:55","guid":{"rendered":"http:\/\/95.216.184.226\/tokumaru\/?page_id=3"},"modified":"2021-11-04T12:46:16","modified_gmt":"2021-11-04T09:46:16","slug":"tingimused","status":"publish","type":"page","link":"https:\/\/tokumarudelivery.ee\/tartu\/tingimused\/","title":{"rendered":"M\u00fc\u00fcgitingimused"},"content":{"rendered":"\n<h2><strong>VEEBIPOE M\u00dc\u00dcGITINGIMUSED<\/strong>&nbsp;<\/h2>\n\n\n\n<p>Tokumaru kojuvedu (edaspidi Veebipood) omanik on Falcon Japan O\u00dc (registrikood 11697323, aadress Kopli 25\u201321, 10412 Tallinn, tel: 5850 0825, e-mail: info@tokumaru.ee)<br>Veebipoel on \u00f5igus igal ajahetkel M\u00fc\u00fcgitingimusi muuta. Muudetud tingimused avaldatakse Veebipoe kodulehel&nbsp;<strong>https:\/\/tokumarudelivery.ee\/tartu\/<\/strong>&nbsp;ning need j\u00f5ustuvad koheselt peale avaldamist. Veebipoodi kasutades ja selle kaudu tellimusi esitades on klient n\u00f5ustunud Veebipoe m\u00fc\u00fcgi- ja privaatsustingimustega.<\/p>\n\n\n\n<h2><strong>M\u00fc\u00fcgilepingu kehtivus, toote- ja hinnainfo<\/strong><\/h2>\n\n\n\n<ul><li>M\u00fc\u00fcgitingimused kehtivad Veebipoest toodete ostmisel.<\/li><li>Teave toote kohta on esitatud Veebipoes vahetult toote juures.<\/li><li>Veebipoes m\u00fc\u00fcdavate toodete hinnad on m\u00e4rgitud toodete juurde.<\/li><\/ul>\n\n\n\n<h2><strong>Tellimuse vormistamine<\/strong><\/h2>\n\n\n\n<ul><li>Kauba tellimiseks tuleb lisada soovitud tooted ostukorvi. Tellimuse vormistamiseks tuleb t\u00e4ita n\u00f5utud andmev\u00e4ljad. Ekraanile kuvatava tasu tellimuse eest saab tasuda pangalingi kaudu v\u00f5i muu makselahenduse abil. Pangalinke pakub Maksekeskus AS.<\/li><\/ul>\n\n\n\n<ul><li>Arveldamise valuuta on Euro (\u20ac).<\/li><\/ul>\n\n\n\n<ul><li>M\u00fc\u00fcgileping j\u00f5ustub alates tasumisele kuuluva summa laekumisest Veebipoe arvelduskontole.<\/li><\/ul>\n\n\n\n<h2><strong>Kohaletoimetamise tingimused:<\/strong><\/h2>\n\n\n\n<ul><li>Kaupu toimetatakse kohale <strong>Tartu piires<\/strong>. V\u00e4ljaspool nimetatud piirkonda tellimuste kohaletoimetamist ei pakuta.<\/li><\/ul>\n\n\n\n<ul><li>Kohaletoimetamine toimub&nbsp;<strong>iga<\/strong> <strong>p\u00e4ev<\/strong>. <\/li><\/ul>\n\n\n\n<h2><strong>Kohaletoimetamine toimub j\u00e4rgmise ajagraafiku alusel:<\/strong><\/h2>\n\n\n\n<ul><li><strong>Tellimuse esitamine:\u00a0<\/strong>tellimus toimetatakse kliendi soovitud kellaajal samal p\u00e4eval v\u00f5i j\u00e4rgmisel p\u00e4eval.<\/li><li>Viimase tellimuse v\u00f5tame E\u2013L vastu kl 19, kuller t\u00f6\u00f6tab kuni kl 20, p\u00fchap\u00e4eval t\u00f6\u00f6tab kuller kuni kl 18 ja tellimusi saab esitada kuni kl 17.<\/li><li>Esimese kilomeetri eest kehtib tarne baastasu (1,90), iga j\u00e4rgneva 500 meetri kohta lisandub kulleri hinnale 50 senti. Kojuveo maksimumtasu on 7,90. <\/li><\/ul>\n\n\n\n<h2><strong>Taganemis- ja pretensioonide esitamise \u00f5igus:<\/strong><\/h2>\n\n\n\n<ul><li>Tulenevalt toodete iseloomust ei ole v\u00f5imalik tellitud tooteid tagastada.<\/li><li>Klient on kohustatud tellimuse vastuv\u00f5tmisel koheselt tooted \u00fcle vaatama.<\/li><li>Tellimuse puuduste ilmnemisel v\u00f5i kauba kvaliteediprobleemide korral tuleb koheselt v\u00f5tta \u00fchendust klienditoega taasesitatavas vormis (e-mail&nbsp;info@tokumaru.ee), kirjeldades v\u00f5imalikult t\u00e4pselt esinenud probleemi ning lisades vajadusel n\u00e4itlikustavad pildid.<\/li><li>Veebipood vastab tarbija esitatud kaebusele kirjalikult v\u00f5i kirjalikku taasesitamist v\u00f5imaldavas vormis 14 p\u00e4eva jooksul.<\/li><li>Veebipood vastutab kliendile m\u00fc\u00fcdud kauba lepingutingimustele mittevastavuse v\u00f5i puuduse eest, mis olid olemas juba kauba \u00fcleandmise hetkel.<\/li><li>Veebipood ei vastuta puuduste eest, mis on tekkinud p\u00e4rast kauba \u00fcleandmist kliendile.<\/li><li>Kui Veebipoest ostetud kaubal on puudused, mille eest Veebipood vastutab, parandab v\u00f5i asendab Veebipood puudusega kauba. Kui kaupa ei ole v\u00f5imalik parandada ega asendada, tagastab Veebipood ostjale m\u00fc\u00fcgilepinguga kaasnenud tasud.<\/li><li>Veebipoe vastutus on piiratud toote maksumusega.<\/li><\/ul>\n\n\n\n<h2><strong>Otseturustus ja isikuandmete t\u00f6\u00f6tlemine<\/strong><\/h2>\n\n\n\n<ul><li>Veebipood kasutab ostja poolt sisestatud isikuandmeid (nimi, telefoninumber, aadress, e-maili aadress, pangarekvisiidid) tellimuse t\u00f6\u00f6tlemiseks ning kauba ostjale saatmiseks.<\/li><li>Veebipoe isikuandmete vastutav t\u00f6\u00f6tleja on Falcon Japan O\u00dc. Veebipoe maksete haldamiseks edastatakse vajalikud isikuandmed volitatud t\u00f6\u00f6tlejale Maksekeskus AS-le.<\/li><li>E-maili aadressi ja telefoninumbrit v\u00f5idakse kasutada otseturundusteadete saatmiseks, kui klient on andnud vastava n\u00f5usoleku. Kui klient ei soovi saada otseturustusteateid, siis tuleb valida e-maili jaluses vastav viide v\u00f5i v\u00f5tta \u00fchendust klienditoega.<\/li><\/ul>\n\n\n\n<h2><strong>Vaidluste lahendamine<\/strong><\/h2>\n\n\n\n<ul><li>K\u00f5ik kliendikaebused lahendatakse koost\u00f6\u00f6s kliendiga personaalselt.<\/li><li>Kui klient ja Veebipood ei suuda lahenda vaidlust kokkuleppe teel, siis on kliendil v\u00f5imalik p\u00f6\u00f6rduda Tarbijavaidluste komisjoni poole. <\/li><\/ul>\n","protected":false},"excerpt":{"rendered":"<p>VEEBIPOE M\u00dc\u00dcGITINGIMUSED&nbsp; Tokumaru kojuvedu (edaspidi Veebipood) omanik on Falcon Japan O\u00dc (registrikood 11697323, aadress Kopli 25\u201321, 10412 Tallinn, tel: 5850 0825, e-mail: info@tokumaru.ee)Veebipoel on \u00f5igus igal ajahetkel M\u00fc\u00fcgitingimusi muuta. Muudetud tingimused avaldatakse Veebipoe kodulehel&nbsp;https:\/\/tokumarudelivery.ee\/tartu\/&nbsp;ning need j\u00f5ustuvad koheselt peale avaldamist. Veebipoodi kasutades ja selle kaudu tellimusi esitades on klient n\u00f5ustunud Veebipoe m\u00fc\u00fcgi- ja privaatsustingimustega. M\u00fc\u00fcgilepingu kehtivus, [&hellip;]<\/p>\n","protected":false},"author":1,"featured_media":0,"parent":0,"menu_order":0,"comment_status":"closed","ping_status":"closed","template":"","meta":[],"_links":{"self":[{"href":"https:\/\/tokumarudelivery.ee\/tartu\/wp-json\/wp\/v2\/pages\/3"}],"collection":[{"href":"https:\/\/tokumarudelivery.ee\/tartu\/wp-json\/wp\/v2\/pages"}],"about":[{"href":"https:\/\/tokumarudelivery.ee\/tartu\/wp-json\/wp\/v2\/types\/page"}],"author":[{"embeddable":true,"href":"https:\/\/tokumarudelivery.ee\/tartu\/wp-json\/wp\/v2\/users\/1"}],"replies":[{"embeddable":true,"href":"https:\/\/tokumarudelivery.ee\/tartu\/wp-json\/wp\/v2\/comments?post=3"}],"version-history":[{"count":14,"href":"https:\/\/tokumarudelivery.ee\/tartu\/wp-json\/wp\/v2\/pages\/3\/revisions"}],"predecessor-version":[{"id":3138,"href":"https:\/\/tokumarudelivery.ee\/tartu\/wp-json\/wp\/v2\/pages\/3\/revisions\/3138"}],"wp:attachment":[{"href":"https:\/\/tokumarudelivery.ee\/tartu\/wp-json\/wp\/v2\/media?parent=3"}],"curies":[{"name":"wp","href":"https:\/\/api.w.org\/{rel}","templated":true}]}}